{"id":94,"date":"2014-03-08T12:28:26","date_gmt":"2014-03-08T10:28:26","guid":{"rendered":"http:\/\/test.imkerverein-kattenvenne.de\/?page_id=94"},"modified":"2014-03-09T15:18:16","modified_gmt":"2014-03-09T14:18:16","slug":"bienen","status":"publish","type":"page","link":"https:\/\/imkerverein-kattenvenne.de\/?page_id=94","title":{"rendered":"Bienen"},"content":{"rendered":"<h1>Die drei Bienenwesen<\/h1>\n<p>Honigbienen bilden, \u00e4hnlich den Ameisen, einen Bienenstaat. Ein solcher Staat besteht aus vielen Tausend Einzeltieren mit hochgradiger Spezialisierung der<span style=\"color: #0000ff;\">\u00a0<a href=\"?page_id=96\"><span style=\"color: #0000ff;\">K\u00f6nigin<\/span><\/a><\/span>, der <span style=\"color: #0000ff;\"><a href=\"?page_id=99\"><span style=\"color: #0000ff;\">Arbeiterinnen<\/span><\/a><\/span>\u00a0und der\u00a0<span style=\"color: #0000ff;\"><a href=\"?page_id=102\"><span style=\"color: #0000ff;\">Drohnen<\/span><\/a><\/span>.<\/p>\n<p>Nur alle drei zusammen k\u00f6nnen leben, \u00fcberleben und sich vermehren!<\/p>\n<p>Die V\u00f6lkervermehrung erfolgt durch Teilung eines Volkes, durch das so genannte Schw\u00e4rmen.<\/p>\n<p>Innerhalb eines Volkes haben die drei Wesen unterschiedliche, genau festgelegte Aufgaben zu erf\u00fcllen.<\/p>\n","protected":false},"excerpt":{"rendered":"<p>Die drei Bienenwesen Honigbienen bilden, \u00e4hnlich den Ameisen, einen Bienenstaat. Ein solcher Staat besteht aus vielen Tausend Einzeltieren mit hochgradiger Spezialisierung der\u00a0K\u00f6nigin, der Arbeiterinnen\u00a0und der\u00a0Drohnen. Nur alle drei zusammen k\u00f6nnen leben, \u00fcberleben und sich vermehren! Die V\u00f6lkervermehrung erfolgt durch Teilung eines Volkes, durch das so genannte Schw\u00e4rmen. Innerhalb eines Volkes haben die drei Wesen unterschiedliche, genau festgelegte Aufgaben zu erf\u00fcllen.<\/p>\n","protected":false},"author":1,"featured_media":0,"parent":0,"menu_order":0,"comment_status":"closed","ping_status":"closed","template":"","meta":{"footnotes":""},"class_list":["post-94","page","type-page","status-publish","hentry"],"_links":{"self":[{"href":"https:\/\/imkerverein-kattenvenne.de\/index.php?rest_route=\/wp\/v2\/pages\/94","targetHints":{"allow":["GET"]}}],"collection":[{"href":"https:\/\/imkerverein-kattenvenne.de\/index.php?rest_route=\/wp\/v2\/pages"}],"about":[{"href":"https:\/\/imkerverein-kattenvenne.de\/index.php?rest_route=\/wp\/v2\/types\/page"}],"author":[{"embeddable":true,"href":"https:\/\/imkerverein-kattenvenne.de\/index.php?rest_route=\/wp\/v2\/users\/1"}],"replies":[{"embeddable":true,"href":"https:\/\/imkerverein-kattenvenne.de\/index.php?rest_route=%2Fwp%2Fv2%2Fcomments&post=94"}],"version-history":[{"count":5,"href":"https:\/\/imkerverein-kattenvenne.de\/index.php?rest_route=\/wp\/v2\/pages\/94\/revisions"}],"predecessor-version":[{"id":251,"href":"https:\/\/imkerverein-kattenvenne.de\/index.php?rest_route=\/wp\/v2\/pages\/94\/revisions\/251"}],"wp:attachment":[{"href":"https:\/\/imkerverein-kattenvenne.de\/index.php?rest_route=%2Fwp%2Fv2%2Fmedia&parent=94"}],"curies":[{"name":"wp","href":"https:\/\/api.w.org\/{rel}","templated":true}]}}